{"id":1431,"date":"2024-03-07T21:49:49","date_gmt":"2024-03-07T21:49:49","guid":{"rendered":"https:\/\/www.fixtonpadget.com\/FTP_v2\/?page_id=1431"},"modified":"2024-05-31T17:38:26","modified_gmt":"2024-05-31T17:38:26","slug":"ordinateurs","status":"publish","type":"page","link":"https:\/\/www.fixtonpadget.com\/FTP_v2\/ordinateurs\/","title":{"rendered":"Ordinateurs"},"content":{"rendered":"\t\t<div data-elementor-type=\"wp-page\" data-elementor-id=\"1431\" class=\"elementor elementor-1431\" data-elementor-post-type=\"page\">\n\t\t\t\t<div class=\"elementor-element elementor-element-34d96c9 e-flex e-con-boxed e-con e-parent\" data-id=\"34d96c9\" data-element_type=\"container\" data-settings=\"{&quot;background_background&quot;:&quot;classic&quot;}\">\n\t\t\t\t\t<div class=\"e-con-inner\">\n\t\t\t\t<div class=\"elementor-element elementor-element-f0be23d bdt-reveal-preload bdt-reveal-effects-yes elementor-widget elementor-widget-heading\" data-id=\"f0be23d\" data-element_type=\"widget\" data-settings=\"{&quot;element_pack_reveal_effects_enable&quot;:&quot;yes&quot;,&quot;element_pack_reveal_effects_direction&quot;:&quot;tb&quot;,&quot;element_pack_reveal_effects_speed&quot;:{&quot;unit&quot;:&quot;px&quot;,&quot;size&quot;:7,&quot;sizes&quot;:[]},&quot;element_pack_reveal_effects_easing&quot;:&quot;easeOutQuint&quot;}\" style=\"--ep-reveal-effects-init: 0;\" data-nnn=\"\" data-widget_type=\"heading.default\">\n\t\t\t\t<div class=\"elementor-widget-container\">\n\t\t\t<h2 class=\"elementor-heading-title elementor-size-default\">R\u00e9parations <span style=\"color:#80121D\"> Ordinateurs  <\/span><\/h2>\t\t<\/div>\n\t\t\t\t<\/div>\n\t\t\t\t<div class=\"elementor-element elementor-element-365ecde elementor-widget elementor-widget-text-editor\" data-id=\"365ecde\" data-element_type=\"widget\" data-widget_type=\"text-editor.default\">\n\t\t\t\t<div class=\"elementor-widget-container\">\n\t\t\t\t\t\t\tSeules les r\u00e9parations les plus courantes sont affich\u00e9es ici. Contactez nous  pour plus d\u2019informations !\n\n\t\t\t\t\t\t<\/div>\n\t\t\t\t<\/div>\n\t\t\t\t\t<\/div>\n\t\t\t\t<\/div>\n\t\t<div class=\"elementor-element elementor-element-7285c02 e-flex e-con-boxed e-con e-parent\" data-id=\"7285c02\" data-element_type=\"container\" data-settings=\"{&quot;background_background&quot;:&quot;classic&quot;}\">\n\t\t\t\t\t<div class=\"e-con-inner\">\n\t\t<div class=\"elementor-element elementor-element-5c05336 e-con-full e-flex e-con e-child\" data-id=\"5c05336\" data-element_type=\"container\" data-settings=\"{&quot;background_background&quot;:&quot;classic&quot;}\">\n\t\t\t\t<div class=\"elementor-element elementor-element-9486eb7 elementor-widget elementor-widget-image\" data-id=\"9486eb7\" data-element_type=\"widget\" data-widget_type=\"image.default\">\n\t\t\t\t<div class=\"elementor-widget-container\">\n\t\t\t\t\t\t\t\t\t\t\t\t\t<img fetchpriority=\"high\" decoding=\"async\" width=\"800\" height=\"534\" src=\"https:\/\/www.fixtonpadget.com\/FTP_v2\/wp-content\/uploads\/2024\/03\/Batterie-defectueuse.jpeg\" class=\"attachment-large size-large wp-image-1446\" alt=\"\" srcset=\"https:\/\/www.fixtonpadget.com\/FTP_v2\/wp-content\/uploads\/2024\/03\/Batterie-defectueuse.jpeg 1000w, https:\/\/www.fixtonpadget.com\/FTP_v2\/wp-content\/uploads\/2024\/03\/Batterie-defectueuse-300x200.jpeg 300w, https:\/\/www.fixtonpadget.com\/FTP_v2\/wp-content\/uploads\/2024\/03\/Batterie-defectueuse-768x512.jpeg 768w\" sizes=\"(max-width: 800px) 100vw, 800px\" \/>\t\t\t\t\t\t\t\t\t\t\t\t\t<\/div>\n\t\t\t\t<\/div>\n\t\t\t\t<div class=\"elementor-element elementor-element-ae14d6c elementor-widget elementor-widget-heading\" data-id=\"ae14d6c\" data-element_type=\"widget\" data-widget_type=\"heading.default\">\n\t\t\t\t<div class=\"elementor-widget-container\">\n\t\t\t<h2 class=\"elementor-heading-title elementor-size-default\">Batterie d\u00e9fectueuse\n<\/h2>\t\t<\/div>\n\t\t\t\t<\/div>\n\t\t\t\t<div class=\"elementor-element elementor-element-8c9d3b2 elementor-widget elementor-widget-text-editor\" data-id=\"8c9d3b2\" data-element_type=\"widget\" data-widget_type=\"text-editor.default\">\n\t\t\t\t<div class=\"elementor-widget-container\">\n\t\t\t\t\t\t\tApr\u00e8s plusieurs ann\u00e9es d\u2019utilisation, il est normal que le temps d\u2019utilisation de la batterie sur une seule recharge diminue. Cela peut devenir un probl\u00e8me pour les gens qui utilisent la machine en d\u00e9placement.  La batterie peut aussi \u00eatre d\u00e9fectueuse si l\u2019appareil ne la reconnait pas. Il est important pour nous que vous soyez en mesure d\u2019utiliser votre ordinateur le plus longtemps possible et nous pouvons r\u00e9parer ce genre de situations.\n\n\t\t\t\t\t\t<\/div>\n\t\t\t\t<\/div>\n\t\t\t\t<\/div>\n\t\t<div class=\"elementor-element elementor-element-b2f0fb7 e-con-full e-flex e-con e-child\" data-id=\"b2f0fb7\" data-element_type=\"container\" data-settings=\"{&quot;background_background&quot;:&quot;classic&quot;}\">\n\t\t\t\t<div class=\"elementor-element elementor-element-9068eb0 elementor-widget elementor-widget-image\" data-id=\"9068eb0\" data-element_type=\"widget\" data-widget_type=\"image.default\">\n\t\t\t\t<div class=\"elementor-widget-container\">\n\t\t\t\t\t\t\t\t\t\t\t\t\t<img decoding=\"async\" width=\"800\" height=\"515\" src=\"https:\/\/www.fixtonpadget.com\/FTP_v2\/wp-content\/uploads\/2024\/03\/Ecran-brise.jpeg\" class=\"attachment-large size-large wp-image-1445\" alt=\"\" srcset=\"https:\/\/www.fixtonpadget.com\/FTP_v2\/wp-content\/uploads\/2024\/03\/Ecran-brise.jpeg 1000w, https:\/\/www.fixtonpadget.com\/FTP_v2\/wp-content\/uploads\/2024\/03\/Ecran-brise-300x193.jpeg 300w, https:\/\/www.fixtonpadget.com\/FTP_v2\/wp-content\/uploads\/2024\/03\/Ecran-brise-768x495.jpeg 768w\" sizes=\"(max-width: 800px) 100vw, 800px\" \/>\t\t\t\t\t\t\t\t\t\t\t\t\t<\/div>\n\t\t\t\t<\/div>\n\t\t\t\t<div class=\"elementor-element elementor-element-5ca0aaf elementor-widget elementor-widget-heading\" data-id=\"5ca0aaf\" data-element_type=\"widget\" data-widget_type=\"heading.default\">\n\t\t\t\t<div class=\"elementor-widget-container\">\n\t\t\t<h2 class=\"elementor-heading-title elementor-size-default\">\u00c9cran bris\u00e9\n<\/h2>\t\t<\/div>\n\t\t\t\t<\/div>\n\t\t\t\t<div class=\"elementor-element elementor-element-189a207 elementor-widget elementor-widget-text-editor\" data-id=\"189a207\" data-element_type=\"widget\" data-widget_type=\"text-editor.default\">\n\t\t\t\t<div class=\"elementor-widget-container\">\n\t\t\t\t\t\t\tM\u00eame si vous avez march\u00e9 sur l\u2019\u00e9cran de votre pr\u00e9cieux MacBook pro, il peut \u00eatre possible de le r\u00e9parer sans que cela vous co\u00fbte le prix d\u2019un ordinateur portable neuf. Contrairement \u00e0 la croyance populaire, un ordinateur dont l\u2019\u00e9cran a subi un dommage physique n\u2019est pas n\u00e9cessairement bon pour le recyclage de pi\u00e8ces. Contactez-nous ou venez nous voir avec la machine et nous vous fournirons une estimation des co\u00fbts de r\u00e9paration.\n\n\t\t\t\t\t\t<\/div>\n\t\t\t\t<\/div>\n\t\t\t\t<\/div>\n\t\t<div class=\"elementor-element elementor-element-d792e13 e-con-full e-flex e-con e-child\" data-id=\"d792e13\" data-element_type=\"container\" data-settings=\"{&quot;background_background&quot;:&quot;classic&quot;}\">\n\t\t\t\t<div class=\"elementor-element elementor-element-565914c elementor-widget elementor-widget-image\" data-id=\"565914c\" data-element_type=\"widget\" data-widget_type=\"image.default\">\n\t\t\t\t<div class=\"elementor-widget-container\">\n\t\t\t\t\t\t\t\t\t\t\t\t\t<img decoding=\"async\" width=\"800\" height=\"534\" src=\"https:\/\/www.fixtonpadget.com\/FTP_v2\/wp-content\/uploads\/2024\/03\/over-heating.jpeg\" class=\"attachment-large size-large wp-image-1444\" alt=\"\" srcset=\"https:\/\/www.fixtonpadget.com\/FTP_v2\/wp-content\/uploads\/2024\/03\/over-heating.jpeg 1000w, https:\/\/www.fixtonpadget.com\/FTP_v2\/wp-content\/uploads\/2024\/03\/over-heating-300x200.jpeg 300w, https:\/\/www.fixtonpadget.com\/FTP_v2\/wp-content\/uploads\/2024\/03\/over-heating-768x513.jpeg 768w\" sizes=\"(max-width: 800px) 100vw, 800px\" \/>\t\t\t\t\t\t\t\t\t\t\t\t\t<\/div>\n\t\t\t\t<\/div>\n\t\t\t\t<div class=\"elementor-element elementor-element-e5cf72a elementor-widget elementor-widget-heading\" data-id=\"e5cf72a\" data-element_type=\"widget\" data-widget_type=\"heading.default\">\n\t\t\t\t<div class=\"elementor-widget-container\">\n\t\t\t<h2 class=\"elementor-heading-title elementor-size-default\">Ordinateur qui surchauffe<\/h2>\t\t<\/div>\n\t\t\t\t<\/div>\n\t\t\t\t<div class=\"elementor-element elementor-element-09f46ea elementor-widget elementor-widget-text-editor\" data-id=\"09f46ea\" data-element_type=\"widget\" data-widget_type=\"text-editor.default\">\n\t\t\t\t<div class=\"elementor-widget-container\">\n\t\t\t\t\t\t\tSi votre machine surchauffe, il s\u2019agit peut-\u00eatre d\u2019un probl\u00e8me li\u00e9 au fonctionnement, \u00e0 ses composantes ou encore simplement \u00e0 cause de la poussi\u00e8re \u00e0 l\u2019int\u00e9rieur. Nous avons des solutions pour vous aider dans cette situation.\n\t\t\t\t\t\t<\/div>\n\t\t\t\t<\/div>\n\t\t\t\t<\/div>\n\t\t\t\t\t<\/div>\n\t\t\t\t<\/div>\n\t\t<div class=\"elementor-element elementor-element-b16127e e-flex e-con-boxed e-con e-parent\" data-id=\"b16127e\" data-element_type=\"container\" data-settings=\"{&quot;background_background&quot;:&quot;classic&quot;}\">\n\t\t\t\t\t<div class=\"e-con-inner\">\n\t\t<div class=\"elementor-element elementor-element-cc3d966 e-con-full e-flex e-con e-child\" data-id=\"cc3d966\" data-element_type=\"container\" data-settings=\"{&quot;background_background&quot;:&quot;classic&quot;}\">\n\t\t\t\t<div class=\"elementor-element elementor-element-13a29cd elementor-widget elementor-widget-image\" data-id=\"13a29cd\" data-element_type=\"widget\" data-widget_type=\"image.default\">\n\t\t\t\t<div class=\"elementor-widget-container\">\n\t\t\t\t\t\t\t\t\t\t\t\t\t<img loading=\"lazy\" decoding=\"async\" width=\"800\" height=\"534\" src=\"https:\/\/www.fixtonpadget.com\/FTP_v2\/wp-content\/uploads\/2024\/03\/liquid-spill.jpeg\" class=\"attachment-large size-large wp-image-1443\" alt=\"\" srcset=\"https:\/\/www.fixtonpadget.com\/FTP_v2\/wp-content\/uploads\/2024\/03\/liquid-spill.jpeg 1000w, https:\/\/www.fixtonpadget.com\/FTP_v2\/wp-content\/uploads\/2024\/03\/liquid-spill-300x200.jpeg 300w, https:\/\/www.fixtonpadget.com\/FTP_v2\/wp-content\/uploads\/2024\/03\/liquid-spill-768x512.jpeg 768w\" sizes=\"(max-width: 800px) 100vw, 800px\" \/>\t\t\t\t\t\t\t\t\t\t\t\t\t<\/div>\n\t\t\t\t<\/div>\n\t\t\t\t<div class=\"elementor-element elementor-element-4426f13 elementor-widget elementor-widget-heading\" data-id=\"4426f13\" data-element_type=\"widget\" data-widget_type=\"heading.default\">\n\t\t\t\t<div class=\"elementor-widget-container\">\n\t\t\t<h2 class=\"elementor-heading-title elementor-size-default\">Liquide \u00e0 l'int\u00e9rieur\n<\/h2>\t\t<\/div>\n\t\t\t\t<\/div>\n\t\t\t\t<div class=\"elementor-element elementor-element-aeef11f elementor-widget elementor-widget-text-editor\" data-id=\"aeef11f\" data-element_type=\"widget\" data-widget_type=\"text-editor.default\">\n\t\t\t\t<div class=\"elementor-widget-container\">\n\t\t\t\t\t\t\tAh non! Vous avez renvers\u00e9 un liquide \u00e0 l\u2019int\u00e9rieur de la machine par accident. Ne paniquez pas, votre appareil est r\u00e9parable. Suivez les instructions de la section Eau Secours !  et contactez-nous.\n\t\t\t\t\t\t<\/div>\n\t\t\t\t<\/div>\n\t\t\t\t<\/div>\n\t\t<div class=\"elementor-element elementor-element-a84f568 e-con-full e-flex e-con e-child\" data-id=\"a84f568\" data-element_type=\"container\" data-settings=\"{&quot;background_background&quot;:&quot;classic&quot;}\">\n\t\t\t\t<div class=\"elementor-element elementor-element-b70fb96 elementor-widget elementor-widget-image\" data-id=\"b70fb96\" data-element_type=\"widget\" data-widget_type=\"image.default\">\n\t\t\t\t<div class=\"elementor-widget-container\">\n\t\t\t\t\t\t\t\t\t\t\t\t\t<img loading=\"lazy\" decoding=\"async\" width=\"800\" height=\"534\" src=\"https:\/\/www.fixtonpadget.com\/FTP_v2\/wp-content\/uploads\/2024\/03\/not-working.jpeg\" class=\"attachment-large size-large wp-image-1442\" alt=\"\" srcset=\"https:\/\/www.fixtonpadget.com\/FTP_v2\/wp-content\/uploads\/2024\/03\/not-working.jpeg 1000w, https:\/\/www.fixtonpadget.com\/FTP_v2\/wp-content\/uploads\/2024\/03\/not-working-300x200.jpeg 300w, https:\/\/www.fixtonpadget.com\/FTP_v2\/wp-content\/uploads\/2024\/03\/not-working-768x512.jpeg 768w\" sizes=\"(max-width: 800px) 100vw, 800px\" \/>\t\t\t\t\t\t\t\t\t\t\t\t\t<\/div>\n\t\t\t\t<\/div>\n\t\t\t\t<div class=\"elementor-element elementor-element-f00733d elementor-widget elementor-widget-heading\" data-id=\"f00733d\" data-element_type=\"widget\" data-widget_type=\"heading.default\">\n\t\t\t\t<div class=\"elementor-widget-container\">\n\t\t\t<h2 class=\"elementor-heading-title elementor-size-default\">Oh non, il ne d\u00e9marre plus!\n<\/h2>\t\t<\/div>\n\t\t\t\t<\/div>\n\t\t\t\t<div class=\"elementor-element elementor-element-256d20c elementor-widget elementor-widget-text-editor\" data-id=\"256d20c\" data-element_type=\"widget\" data-widget_type=\"text-editor.default\">\n\t\t\t\t<div class=\"elementor-widget-container\">\n\t\t\t\t\t\t\tSi par malheur votre ordinateur ne d\u00e9marre plus sans aucune raison, ne le jetez surtout pas \u00e0 la poubelle. Ne paniquez pas, il s\u2019agit parfois que d\u2019une simple connexion ou d\u2019une composante facile \u00e0 changer. Nous avons la plupart du temps la possibilit\u00e9 d\u2019acc\u00e9der aux donn\u00e9es disponibles dans votre disque dur, et ce, m\u00eame si l\u2019ordinateur portable ne s\u2019initialise plus. Venez nous voir et nous allons pouvoir vous aider et poser un diagnostic pr\u00e9cis.\n\n\t\t\t\t\t\t<\/div>\n\t\t\t\t<\/div>\n\t\t\t\t<\/div>\n\t\t<div class=\"elementor-element elementor-element-f442ae4 e-con-full elementor-hidden-tablet elementor-hidden-mobile e-flex e-con e-child\" data-id=\"f442ae4\" data-element_type=\"container\">\n\t\t\t\t<\/div>\n\t\t\t\t\t<\/div>\n\t\t\t\t<\/div>\n\t\t<div class=\"elementor-element elementor-element-5ff905d e-flex e-con-boxed e-con e-parent\" data-id=\"5ff905d\" data-element_type=\"container\" data-settings=\"{&quot;background_background&quot;:&quot;classic&quot;}\">\n\t\t\t\t\t<div class=\"e-con-inner\">\n\t\t<div class=\"elementor-element elementor-element-4921d29 e-con-full e-flex e-con e-child\" data-id=\"4921d29\" data-element_type=\"container\" data-settings=\"{&quot;background_background&quot;:&quot;classic&quot;}\">\n\t\t<div class=\"elementor-element elementor-element-c6068fa e-con-full e-flex e-con e-child\" data-id=\"c6068fa\" data-element_type=\"container\">\n\t\t\t\t<div class=\"elementor-element elementor-element-1887812 elementor-widget elementor-widget-text-editor\" data-id=\"1887812\" data-element_type=\"widget\" data-widget_type=\"text-editor.default\">\n\t\t\t\t<div class=\"elementor-widget-container\">\n\t\t\t\t\t\t\t<p>Chez Fix-Ton-Padget, toutes les r\u00e9parations sont garanties 60 jours.<\/p><p>Nous avons l\u2019environnement \u00e0 coeur, c\u2019est pourquoi nous veillons \u00e0 utiliser des pi\u00e8ces de remplacement de qualit\u00e9 afin que<\/p><p>vos appareils puissent \u00eatre utilis\u00e9s le plus longtemps possible.<\/p><p>Nous \u00e9galons aussi les prix de nos comp\u00e9titeurs.<\/p>\t\t\t\t\t\t<\/div>\n\t\t\t\t<\/div>\n\t\t\t\t<\/div>\n\t\t<div class=\"elementor-element elementor-element-34016bd e-flex e-con-boxed e-con e-child\" data-id=\"34016bd\" data-element_type=\"container\">\n\t\t\t\t\t<div class=\"e-con-inner\">\n\t\t\t\t<div class=\"elementor-element elementor-element-98656d6 bdt-floating-effect-infinite--yes elementor-widget elementor-widget-image\" data-id=\"98656d6\" data-element_type=\"widget\" data-settings=\"{&quot;ep_floating_effects_show&quot;:&quot;yes&quot;,&quot;ep_floating_effects_rotate_toggle&quot;:&quot;yes&quot;,&quot;ep_floating_effects_rotate_infinite&quot;:&quot;yes&quot;,&quot;ep_floating_effects_rotate_duration&quot;:{&quot;unit&quot;:&quot;px&quot;,&quot;size&quot;:5000,&quot;sizes&quot;:[]},&quot;ep_floating_effects_rotate_delay&quot;:{&quot;unit&quot;:&quot;px&quot;,&quot;size&quot;:&quot;&quot;,&quot;sizes&quot;:[]},&quot;ep_floating_effects_easing&quot;:&quot;easeInOutQuad&quot;}\" data-widget_type=\"image.default\">\n\t\t\t\t<div class=\"elementor-widget-container\">\n\t\t\t\t\t\t\t\t\t\t\t\t\t<img loading=\"lazy\" decoding=\"async\" width=\"553\" height=\"553\" src=\"https:\/\/www.fixtonpadget.com\/FTP_v2\/wp-content\/uploads\/2024\/02\/FINAL-SANS-FOND.png\" class=\"attachment-large size-large wp-image-2117\" alt=\"\" srcset=\"https:\/\/www.fixtonpadget.com\/FTP_v2\/wp-content\/uploads\/2024\/02\/FINAL-SANS-FOND.png 553w, https:\/\/www.fixtonpadget.com\/FTP_v2\/wp-content\/uploads\/2024\/02\/FINAL-SANS-FOND-300x300.png 300w, https:\/\/www.fixtonpadget.com\/FTP_v2\/wp-content\/uploads\/2024\/02\/FINAL-SANS-FOND-150x150.png 150w\" sizes=\"(max-width: 553px) 100vw, 553px\" \/>\t\t\t\t\t\t\t\t\t\t\t\t\t<\/div>\n\t\t\t\t<\/div>\n\t\t\t\t\t<\/div>\n\t\t\t\t<\/div>\n\t\t\t\t<\/div>\n\t\t\t\t\t<\/div>\n\t\t\t\t<\/div>\n\t\t\t\t<\/div>\n\t\t","protected":false},"excerpt":{"rendered":"<p>R\u00e9parations Ordinateurs Seules les r\u00e9parations les plus courantes sont affich\u00e9es ici. Contactez nous pour plus d\u2019informations ! Batterie d\u00e9fectueuse Apr\u00e8s plusieurs ann\u00e9es d\u2019utilisation, il est normal que le temps d\u2019utilisation de la batterie sur une seule recharge diminue. Cela peut devenir un probl\u00e8me pour les gens qui utilisent la machine en d\u00e9placement. La batterie peut [&hellip;]<\/p>\n","protected":false},"author":1,"featured_media":0,"parent":0,"menu_order":0,"comment_status":"closed","ping_status":"closed","template":"elementor_header_footer","meta":{"footnotes":""},"class_list":["post-1431","page","type-page","status-publish","hentry"],"_links":{"self":[{"href":"https:\/\/www.fixtonpadget.com\/FTP_v2\/wp-json\/wp\/v2\/pages\/1431","targetHints":{"allow":["GET"]}}],"collection":[{"href":"https:\/\/www.fixtonpadget.com\/FTP_v2\/wp-json\/wp\/v2\/pages"}],"about":[{"href":"https:\/\/www.fixtonpadget.com\/FTP_v2\/wp-json\/wp\/v2\/types\/page"}],"author":[{"embeddable":true,"href":"https:\/\/www.fixtonpadget.com\/FTP_v2\/wp-json\/wp\/v2\/users\/1"}],"replies":[{"embeddable":true,"href":"https:\/\/www.fixtonpadget.com\/FTP_v2\/wp-json\/wp\/v2\/comments?post=1431"}],"version-history":[{"count":26,"href":"https:\/\/www.fixtonpadget.com\/FTP_v2\/wp-json\/wp\/v2\/pages\/1431\/revisions"}],"predecessor-version":[{"id":2301,"href":"https:\/\/www.fixtonpadget.com\/FTP_v2\/wp-json\/wp\/v2\/pages\/1431\/revisions\/2301"}],"wp:attachment":[{"href":"https:\/\/www.fixtonpadget.com\/FTP_v2\/wp-json\/wp\/v2\/media?parent=1431"}],"curies":[{"name":"wp","href":"https:\/\/api.w.org\/{rel}","templated":true}]}}