{"id":820,"date":"2024-03-05T22:09:05","date_gmt":"2024-03-05T22:09:05","guid":{"rendered":"https:\/\/www.fixtonpadget.com\/FTP_v2\/?page_id=820"},"modified":"2024-05-31T16:28:37","modified_gmt":"2024-05-31T16:28:37","slug":"service_affaire","status":"publish","type":"page","link":"https:\/\/www.fixtonpadget.com\/FTP_v2\/service_affaire\/","title":{"rendered":"Service affaire"},"content":{"rendered":"\t\t<div data-elementor-type=\"wp-page\" data-elementor-id=\"820\" class=\"elementor elementor-820\" data-elementor-post-type=\"page\">\n\t\t\t\t<div class=\"elementor-element elementor-element-93dd4a3 e-flex e-con-boxed e-con e-parent\" data-id=\"93dd4a3\" data-element_type=\"container\" data-settings=\"{&quot;background_background&quot;:&quot;classic&quot;}\">\n\t\t\t\t\t<div class=\"e-con-inner\">\n\t\t\t\t<div class=\"elementor-element elementor-element-867ca8b bdt-reveal-preload bdt-reveal-effects-yes elementor-widget elementor-widget-heading\" data-id=\"867ca8b\" data-element_type=\"widget\" data-settings=\"{&quot;element_pack_reveal_effects_enable&quot;:&quot;yes&quot;,&quot;element_pack_reveal_effects_direction&quot;:&quot;tb&quot;,&quot;element_pack_reveal_effects_speed&quot;:{&quot;unit&quot;:&quot;px&quot;,&quot;size&quot;:7,&quot;sizes&quot;:[]},&quot;element_pack_reveal_effects_easing&quot;:&quot;easeOutQuint&quot;}\" style=\"--ep-reveal-effects-init: 0;\" data-nnn=\"\" data-widget_type=\"heading.default\">\n\t\t\t\t<div class=\"elementor-widget-container\">\n\t\t\t<h2 class=\"elementor-heading-title elementor-size-default\">Le meilleur service,<br> tout simplement<\/h2>\t\t<\/div>\n\t\t\t\t<\/div>\n\t\t\t\t<div class=\"elementor-element elementor-element-b4bb5f4 elementor-widget elementor-widget-text-editor\" data-id=\"b4bb5f4\" data-element_type=\"widget\" data-widget_type=\"text-editor.default\">\n\t\t\t\t<div class=\"elementor-widget-container\">\n\t\t\t\t\t\t\t<p>Vous repr\u00e9sentez une entreprise qui g\u00e8re une flotte de tablettes, cellulaires et ordinateurs?<\/p><p>Nous offrons le support pour les entreprises le plus rapide, personnalis\u00e9 et \u00e9conomique de la r\u00e9gion.<\/p>\t\t\t\t\t\t<\/div>\n\t\t\t\t<\/div>\n\t\t\t\t\t<\/div>\n\t\t\t\t<\/div>\n\t\t<div class=\"elementor-element elementor-element-f371c02 e-flex e-con-boxed e-con e-parent\" data-id=\"f371c02\" data-element_type=\"container\" data-settings=\"{&quot;background_background&quot;:&quot;classic&quot;}\">\n\t\t\t\t\t<div class=\"e-con-inner\">\n\t\t<div class=\"elementor-element elementor-element-e0c0697 e-flex e-con-boxed e-con e-child\" data-id=\"e0c0697\" data-element_type=\"container\" data-settings=\"{&quot;background_background&quot;:&quot;classic&quot;}\">\n\t\t\t\t\t<div class=\"e-con-inner\">\n\t\t<div class=\"elementor-element elementor-element-44cf317 e-con-full e-flex e-con e-child\" data-id=\"44cf317\" data-element_type=\"container\">\n\t\t\t\t<div class=\"elementor-element elementor-element-9dd7607 bdt-reveal-preload bdt-reveal-effects-yes elementor-widget elementor-widget-heading\" data-id=\"9dd7607\" data-element_type=\"widget\" data-settings=\"{&quot;element_pack_reveal_effects_enable&quot;:&quot;yes&quot;,&quot;element_pack_reveal_effects_direction&quot;:&quot;tb&quot;,&quot;element_pack_reveal_effects_speed&quot;:{&quot;unit&quot;:&quot;px&quot;,&quot;size&quot;:7,&quot;sizes&quot;:[]},&quot;element_pack_reveal_effects_easing&quot;:&quot;easeOutQuint&quot;}\" style=\"--ep-reveal-effects-init: 0;\" data-nnn=\"\" data-widget_type=\"heading.default\">\n\t\t\t\t<div class=\"elementor-widget-container\">\n\t\t\t<h2 class=\"elementor-heading-title elementor-size-default\">Confiez nous vos appareils et reprenez le travail rapidement<\/h2>\t\t<\/div>\n\t\t\t\t<\/div>\n\t\t\t\t<div class=\"elementor-element elementor-element-f3445e5 elementor-widget elementor-widget-text-editor\" data-id=\"f3445e5\" data-element_type=\"widget\" data-widget_type=\"text-editor.default\">\n\t\t\t\t<div class=\"elementor-widget-container\">\n\t\t\t\t\t\t\t<p>Nous savons \u00e0 quel point vos appareils sont importants pour votre travail, c&rsquo;est pourquoi<\/p><p>nous sommes en mesure de faire la majorit\u00e9 de nos r\u00e9parations la journ\u00e9e m\u00eame.<\/p>\t\t\t\t\t\t<\/div>\n\t\t\t\t<\/div>\n\t\t\t\t<\/div>\n\t\t<div class=\"elementor-element elementor-element-8c5189b e-flex e-con-boxed e-con e-child\" data-id=\"8c5189b\" data-element_type=\"container\">\n\t\t\t\t\t<div class=\"e-con-inner\">\n\t\t\t\t<div class=\"elementor-element elementor-element-e9b4db8 elementor-widget elementor-widget-image\" data-id=\"e9b4db8\" data-element_type=\"widget\" data-widget_type=\"image.default\">\n\t\t\t\t<div class=\"elementor-widget-container\">\n\t\t\t\t\t\t\t\t\t\t\t\t\t<img fetchpriority=\"high\" decoding=\"async\" width=\"800\" height=\"534\" src=\"https:\/\/www.fixtonpadget.com\/FTP_v2\/wp-content\/uploads\/2024\/03\/repairing-1024x683.jpg\" class=\"attachment-large size-large wp-image-1719\" alt=\"\" srcset=\"https:\/\/www.fixtonpadget.com\/FTP_v2\/wp-content\/uploads\/2024\/03\/repairing-1024x683.jpg 1024w, https:\/\/www.fixtonpadget.com\/FTP_v2\/wp-content\/uploads\/2024\/03\/repairing-300x200.jpg 300w, https:\/\/www.fixtonpadget.com\/FTP_v2\/wp-content\/uploads\/2024\/03\/repairing-768x512.jpg 768w, https:\/\/www.fixtonpadget.com\/FTP_v2\/wp-content\/uploads\/2024\/03\/repairing-1536x1024.jpg 1536w, https:\/\/www.fixtonpadget.com\/FTP_v2\/wp-content\/uploads\/2024\/03\/repairing.jpg 2048w\" sizes=\"(max-width: 800px) 100vw, 800px\" \/>\t\t\t\t\t\t\t\t\t\t\t\t\t<\/div>\n\t\t\t\t<\/div>\n\t\t\t\t\t<\/div>\n\t\t\t\t<\/div>\n\t\t\t\t\t<\/div>\n\t\t\t\t<\/div>\n\t\t\t\t\t<\/div>\n\t\t\t\t<\/div>\n\t\t<div class=\"elementor-element elementor-element-2c4ee92 e-flex e-con-boxed e-con e-parent\" data-id=\"2c4ee92\" data-element_type=\"container\" data-settings=\"{&quot;background_background&quot;:&quot;classic&quot;}\">\n\t\t\t\t\t<div class=\"e-con-inner\">\n\t\t<div class=\"elementor-element elementor-element-3ca9f4d e-flex e-con-boxed e-con e-child\" data-id=\"3ca9f4d\" data-element_type=\"container\" data-settings=\"{&quot;background_background&quot;:&quot;classic&quot;}\">\n\t\t\t\t\t<div class=\"e-con-inner\">\n\t\t<div class=\"elementor-element elementor-element-dc8d399 e-con-full e-flex e-con e-child\" data-id=\"dc8d399\" data-element_type=\"container\">\n\t\t\t\t<div class=\"elementor-element elementor-element-6f37cd1 bdt-reveal-preload bdt-reveal-effects-yes elementor-widget elementor-widget-heading\" data-id=\"6f37cd1\" data-element_type=\"widget\" data-settings=\"{&quot;element_pack_reveal_effects_enable&quot;:&quot;yes&quot;,&quot;element_pack_reveal_effects_direction&quot;:&quot;tb&quot;,&quot;element_pack_reveal_effects_speed&quot;:{&quot;unit&quot;:&quot;px&quot;,&quot;size&quot;:7,&quot;sizes&quot;:[]},&quot;element_pack_reveal_effects_easing&quot;:&quot;easeOutQuint&quot;}\" style=\"--ep-reveal-effects-init: 0;\" data-nnn=\"\" data-widget_type=\"heading.default\">\n\t\t\t\t<div class=\"elementor-widget-container\">\n\t\t\t<h2 class=\"elementor-heading-title elementor-size-default\">Service de rachat d'appareil<\/h2>\t\t<\/div>\n\t\t\t\t<\/div>\n\t\t\t\t<div class=\"elementor-element elementor-element-fe00989 elementor-widget elementor-widget-text-editor\" data-id=\"fe00989\" data-element_type=\"widget\" data-widget_type=\"text-editor.default\">\n\t\t\t\t<div class=\"elementor-widget-container\">\n\t\t\t\t\t\t\t<p>Votre entreprise renouvelle sa flotte de t\u00e9l\u00e9phone? Nous rachetons les t\u00e9l\u00e9phones et<\/p><p>tablettes en lot ou \u00e0 l&rsquo;unit\u00e9 et donnons plus que votre fournisseur de service.<\/p><p><strong>Contactez-nous pour en savoir plus<\/strong><\/p>\t\t\t\t\t\t<\/div>\n\t\t\t\t<\/div>\n\t\t\t\t<div class=\"elementor-element elementor-element-724bc3c elementor-align-left elementor-mobile-align-center elementor-widget elementor-widget-bdt-creative-button\" data-id=\"724bc3c\" data-element_type=\"widget\" data-widget_type=\"bdt-creative-button.default\">\n\t\t\t\t<div class=\"elementor-widget-container\">\n\t\t\t\t\t\t\t\t<a href=\"https:\/\/www.fixtonpadget.com\/FTP_v2\/nous-contacter\/\" class=\"bdt-ep-creative-button bdt-ep-creative-button--atlas\">\n\t\t\t\t<span>Nous Contacter<\/span>\n\t\t\t\t<div class=\"bdt-ep-creative-button-marquee\" aria-hidden=\"true\">\n\t\t\t\t\t<div class=\"bdt-ep-creative-button-marquee__inner\">\n\t\t\t\t\t\t<span>Nous Contacter<\/span>\n\t\t\t\t\t\t<span>Nous Contacter<\/span>\n\t\t\t\t\t\t<span>Nous Contacter<\/span>\n\t\t\t\t\t\t<span>Nous Contacter<\/span>\n\t\t\t\t\t<\/div>\n\t\t\t\t<\/div>\n\t\t\t<\/a>\n\t\t\n\t\t\t\t<\/div>\n\t\t\t\t<\/div>\n\t\t\t\t<\/div>\n\t\t<div class=\"elementor-element elementor-element-0e02d70 e-flex e-con-boxed e-con e-child\" data-id=\"0e02d70\" data-element_type=\"container\">\n\t\t\t\t\t<div class=\"e-con-inner\">\n\t\t\t\t<div class=\"elementor-element elementor-element-9291ddd elementor-widget elementor-widget-image\" data-id=\"9291ddd\" data-element_type=\"widget\" data-widget_type=\"image.default\">\n\t\t\t\t<div class=\"elementor-widget-container\">\n\t\t\t\t\t\t\t\t\t\t\t\t\t<img decoding=\"async\" width=\"680\" height=\"452\" src=\"https:\/\/www.fixtonpadget.com\/FTP_v2\/wp-content\/uploads\/2024\/03\/cell-brise.jpg\" class=\"attachment-large size-large wp-image-332\" alt=\"\" srcset=\"https:\/\/www.fixtonpadget.com\/FTP_v2\/wp-content\/uploads\/2024\/03\/cell-brise.jpg 680w, https:\/\/www.fixtonpadget.com\/FTP_v2\/wp-content\/uploads\/2024\/03\/cell-brise-300x199.jpg 300w\" sizes=\"(max-width: 680px) 100vw, 680px\" \/>\t\t\t\t\t\t\t\t\t\t\t\t\t<\/div>\n\t\t\t\t<\/div>\n\t\t\t\t\t<\/div>\n\t\t\t\t<\/div>\n\t\t\t\t\t<\/div>\n\t\t\t\t<\/div>\n\t\t\t\t\t<\/div>\n\t\t\t\t<\/div>\n\t\t<div class=\"elementor-element elementor-element-a303ac0 e-flex e-con-boxed e-con e-parent\" data-id=\"a303ac0\" data-element_type=\"container\" data-settings=\"{&quot;background_background&quot;:&quot;classic&quot;}\">\n\t\t\t\t\t<div class=\"e-con-inner\">\n\t\t<div class=\"elementor-element elementor-element-3164914 e-flex e-con-boxed e-con e-child\" data-id=\"3164914\" data-element_type=\"container\" data-settings=\"{&quot;background_background&quot;:&quot;classic&quot;}\">\n\t\t\t\t\t<div class=\"e-con-inner\">\n\t\t<div class=\"elementor-element elementor-element-82ea6c2 e-con-full e-flex e-con e-child\" data-id=\"82ea6c2\" data-element_type=\"container\">\n\t\t\t\t<div class=\"elementor-element elementor-element-8077ca6 bdt-reveal-preload bdt-reveal-effects-yes elementor-widget elementor-widget-heading\" data-id=\"8077ca6\" data-element_type=\"widget\" data-settings=\"{&quot;element_pack_reveal_effects_enable&quot;:&quot;yes&quot;,&quot;element_pack_reveal_effects_direction&quot;:&quot;tb&quot;,&quot;element_pack_reveal_effects_speed&quot;:{&quot;unit&quot;:&quot;px&quot;,&quot;size&quot;:7,&quot;sizes&quot;:[]},&quot;element_pack_reveal_effects_easing&quot;:&quot;easeOutQuint&quot;}\" style=\"--ep-reveal-effects-init: 0;\" data-nnn=\"\" data-widget_type=\"heading.default\">\n\t\t\t\t<div class=\"elementor-widget-container\">\n\t\t\t<h2 class=\"elementor-heading-title elementor-size-default\">Vente d'appareils usag\u00e9s<\/h2>\t\t<\/div>\n\t\t\t\t<\/div>\n\t\t\t\t<div class=\"elementor-element elementor-element-69f8a2d elementor-widget elementor-widget-text-editor\" data-id=\"69f8a2d\" data-element_type=\"widget\" data-widget_type=\"text-editor.default\">\n\t\t\t\t<div class=\"elementor-widget-container\">\n\t\t\t\t\t\t\t<p>Nous avons en stock des lots d&rsquo;appareils usag\u00e9s en excellente condition et<\/p><p>remis \u00e0 neuf, \u00e0 une fraction du prix d&rsquo;appareils neufs. Vous sauverai \u00e0 court<\/p><p>et long terme en achetant de l&rsquo;usag\u00e9.<\/p><p><strong>Contactez-nous pour connaitre nos prix de lot.<\/strong><\/p>\t\t\t\t\t\t<\/div>\n\t\t\t\t<\/div>\n\t\t\t\t<div class=\"elementor-element elementor-element-e5b9781 elementor-align-left elementor-mobile-align-center elementor-widget elementor-widget-bdt-creative-button\" data-id=\"e5b9781\" data-element_type=\"widget\" data-widget_type=\"bdt-creative-button.default\">\n\t\t\t\t<div class=\"elementor-widget-container\">\n\t\t\t\t\t\t\t\t<a href=\"https:\/\/www.fixtonpadget.com\/FTP_v2\/nous-contacter\/\" class=\"bdt-ep-creative-button bdt-ep-creative-button--atlas\">\n\t\t\t\t<span>Nous Contacter<\/span>\n\t\t\t\t<div class=\"bdt-ep-creative-button-marquee\" aria-hidden=\"true\">\n\t\t\t\t\t<div class=\"bdt-ep-creative-button-marquee__inner\">\n\t\t\t\t\t\t<span>Nous Contacter<\/span>\n\t\t\t\t\t\t<span>Nous Contacter<\/span>\n\t\t\t\t\t\t<span>Nous Contacter<\/span>\n\t\t\t\t\t\t<span>Nous Contacter<\/span>\n\t\t\t\t\t<\/div>\n\t\t\t\t<\/div>\n\t\t\t<\/a>\n\t\t\n\t\t\t\t<\/div>\n\t\t\t\t<\/div>\n\t\t\t\t<\/div>\n\t\t<div class=\"elementor-element elementor-element-43bea79 e-flex e-con-boxed e-con e-child\" data-id=\"43bea79\" data-element_type=\"container\">\n\t\t\t\t\t<div class=\"e-con-inner\">\n\t\t\t\t<div class=\"elementor-element elementor-element-4227bef elementor-widget elementor-widget-image\" data-id=\"4227bef\" data-element_type=\"widget\" data-widget_type=\"image.default\">\n\t\t\t\t<div class=\"elementor-widget-container\">\n\t\t\t\t\t\t\t\t\t\t\t\t\t<img decoding=\"async\" width=\"680\" height=\"510\" src=\"https:\/\/www.fixtonpadget.com\/FTP_v2\/wp-content\/uploads\/2024\/03\/2024-01-24.jpg\" class=\"attachment-large size-large wp-image-330\" alt=\"\" srcset=\"https:\/\/www.fixtonpadget.com\/FTP_v2\/wp-content\/uploads\/2024\/03\/2024-01-24.jpg 680w, https:\/\/www.fixtonpadget.com\/FTP_v2\/wp-content\/uploads\/2024\/03\/2024-01-24-300x225.jpg 300w\" sizes=\"(max-width: 680px) 100vw, 680px\" \/>\t\t\t\t\t\t\t\t\t\t\t\t\t<\/div>\n\t\t\t\t<\/div>\n\t\t\t\t\t<\/div>\n\t\t\t\t<\/div>\n\t\t\t\t\t<\/div>\n\t\t\t\t<\/div>\n\t\t\t\t\t<\/div>\n\t\t\t\t<\/div>\n\t\t\t\t<\/div>\n\t\t","protected":false},"excerpt":{"rendered":"<p>Le meilleur service, tout simplement Vous repr\u00e9sentez une entreprise qui g\u00e8re une flotte de tablettes, cellulaires et ordinateurs? Nous offrons le support pour les entreprises le plus rapide, personnalis\u00e9 et \u00e9conomique de la r\u00e9gion. Confiez nous vos appareils et reprenez le travail rapidement Nous savons \u00e0 quel point vos appareils sont importants pour votre travail, [&hellip;]<\/p>\n","protected":false},"author":1,"featured_media":0,"parent":0,"menu_order":0,"comment_status":"closed","ping_status":"closed","template":"elementor_header_footer","meta":{"footnotes":""},"class_list":["post-820","page","type-page","status-publish","hentry"],"_links":{"self":[{"href":"https:\/\/www.fixtonpadget.com\/FTP_v2\/wp-json\/wp\/v2\/pages\/820","targetHints":{"allow":["GET"]}}],"collection":[{"href":"https:\/\/www.fixtonpadget.com\/FTP_v2\/wp-json\/wp\/v2\/pages"}],"about":[{"href":"https:\/\/www.fixtonpadget.com\/FTP_v2\/wp-json\/wp\/v2\/types\/page"}],"author":[{"embeddable":true,"href":"https:\/\/www.fixtonpadget.com\/FTP_v2\/wp-json\/wp\/v2\/users\/1"}],"replies":[{"embeddable":true,"href":"https:\/\/www.fixtonpadget.com\/FTP_v2\/wp-json\/wp\/v2\/comments?post=820"}],"version-history":[{"count":132,"href":"https:\/\/www.fixtonpadget.com\/FTP_v2\/wp-json\/wp\/v2\/pages\/820\/revisions"}],"predecessor-version":[{"id":2289,"href":"https:\/\/www.fixtonpadget.com\/FTP_v2\/wp-json\/wp\/v2\/pages\/820\/revisions\/2289"}],"wp:attachment":[{"href":"https:\/\/www.fixtonpadget.com\/FTP_v2\/wp-json\/wp\/v2\/media?parent=820"}],"curies":[{"name":"wp","href":"https:\/\/api.w.org\/{rel}","templated":true}]}}